{"id":964,"date":"2021-08-13T17:29:01","date_gmt":"2021-08-13T17:29:01","guid":{"rendered":"https:\/\/www.guroo.com.br\/?page_id=964"},"modified":"2025-09-10T18:08:47","modified_gmt":"2025-09-10T18:08:47","slug":"convenios","status":"publish","type":"page","link":"https:\/\/www.guroo.com.br\/?page_id=964","title":{"rendered":"FERRAMENTAS DIGITAIS"},"content":{"rendered":"<p>[vc_row][vc_column][vc_column_text]Com o objetivo de proporcionar maior proximidade entre respons\u00e1veis, alunos e a nossa institui\u00e7\u00e3o, enviamos\u00a0 algumas informa\u00e7\u00f5es sobre acessos \u00e0s ferramentas digitais.<\/p>\n<p style=\"text-align: center;\"><strong style=\"text-align: center;\">\u00a0<\/strong><\/p>\n<p><b>UNIMESTRE (Plataforma Pedag\u00f3gica)<\/b><\/p>\n<p style=\"text-align: center;\"><strong style=\"text-align: center;\">\u00a0<\/strong><\/p>\n<p>Neste ambiente, pode-se fazer o acompanhamento on-line do desempenho de estudantes durante todo o\u00a0 ano letivo, por meio do acesso dos alunos e de seus\u00a0 respons\u00e1veis a registros de notas, ocorr\u00eancias, tarefas, faltas, hor\u00e1rios de aulas, agenda de conte\u00fados para provas e orienta\u00e7\u00f5es sobre trabalhos.<\/p>\n<p style=\"text-align: center;\"><strong style=\"text-align: center;\">\u00a0<\/strong><\/p>\n<p>Para tanto, basta acessar o link: www.redeinspira.unimestre.com ou entrar em nosso site (www.guroo.com.br), clicar no bot\u00e3o \u201cGUROO On-line\u201d, selecionar a sua unidade e inserir o nome de usu\u00e1rio e senha para ter acesso ao UNIMESTRE.<\/p>\n<p style=\"text-align: center;\"><strong style=\"text-align: center;\">\u00a0<\/strong><\/p>\n<p>Lembrando: o login e senha do aluno s\u00e3o constitu\u00eddos\u00a0 pelo n\u00famero do RA sem o primeiro zero. Ex: 89xxxxxx.<\/p>\n<p style=\"text-align: center;\"><strong style=\"text-align: center;\">\u00a0<\/strong><\/p>\n<p>Em caso de d\u00favidas, entre em contato com a equipe pedag\u00f3gica.<\/p>\n<p style=\"text-align: center;\"><strong style=\"text-align: center;\">\u00a0<\/strong><\/p>\n<p><b>Aplicativo Agenda+ (Plataforma Pedag\u00f3gica)<\/b><\/p>\n<p style=\"text-align: center;\"><strong style=\"text-align: center;\">\u00a0<\/strong><\/p>\n<p>Buscando melhorar e facilitar a comunica\u00e7\u00e3o entre escola e fam\u00edlia\/respons\u00e1veis, o Centro de Ensino Guroo apresenta o novo aplicativo Agenda+, que a partir de hoje passa a ser o meio de comunica\u00e7\u00e3o oficial da institui\u00e7\u00e3o com as fam\u00edlias. Esse recurso possibilita o acesso \u00e0s informa\u00e7\u00f5es sobre estudante e escola com seguran\u00e7a e agilidade. Com o app instalado em seu celular, o usu\u00e1rio pode receber os comunicados da dire\u00e7\u00e3o, da coordena\u00e7\u00e3o, da secretaria e da equipe de professores, al\u00e9m de se comunicar de forma direta com a coordena\u00e7\u00e3o pedag\u00f3gica.<\/p>\n<p style=\"text-align: center;\"><strong style=\"text-align: center;\">\u00a0<\/strong><\/p>\n<p>COMO ACESSAR : utilizando a App Store ou a Play Store do seu celular. Busque \u201cAgenda+\u201d\u00a0 e fa\u00e7a o download do aplicativo.<\/p>\n<p style=\"text-align: center;\"><strong style=\"text-align: center;\">\u00a0<\/strong><\/p>\n<p>Para acessar a plataforma, o respons\u00e1vel deve utilizar o e-mail cadastrado na escola, e o aluno deve utilizar seu e-mail institucional.<\/p>\n<p style=\"text-align: center;\"><strong style=\"text-align: center;\">\u00a0<\/strong><\/p>\n<p>Exemplo:<\/p>\n<p>Usu\u00e1rio do aluno: 089000xxx@aluno-guroo.com.br<\/p>\n<p>Senha padr\u00e3o: guroo2023<\/p>\n<p style=\"text-align: center;\"><strong style=\"text-align: center;\">\u00a0<\/strong><\/p>\n<p>OBS: Para acessar o Agenda+, \u00e9 necess\u00e1rio adicionar o n\u00famero ZERO na frente do RA. Exemplo: se o RA do aluno for 27000042, o e-mail para acesso ser\u00e1 027000042@aluno-guroo.com.br .<\/p>\n<p style=\"text-align: center;\"><strong style=\"text-align: center;\">\u00a0<\/strong><\/p>\n<p>Usu\u00e1rio do respons\u00e1vel: e-mail cadastrado no ato da matr\u00edcula<\/p>\n<p>Senha padr\u00e3o: guroo2023<\/p>\n<p style=\"text-align: center;\"><strong style=\"text-align: center;\">\u00a0<\/strong><\/p>\n<p><b>Boletos e pagamentos<\/b><\/p>\n<p style=\"text-align: center;\"><strong style=\"text-align: center;\">\u00a0<\/strong><\/p>\n<p>Os boletos de mensalidade j\u00e1 est\u00e3o dispon\u00edveis para impress\u00e3o. O acesso \u00e9 feito pelo menu do site da escola www.guroo.com.br na op\u00e7\u00e3o \u2018\u2019Financeiro 2023\u2019\u2019. Para mais informa\u00e7\u00f5es, CLIQUE AQUI e veja o passo a passo. Qualquer d\u00favida, entre em contato com o setor financeiro.<\/p>\n<p style=\"text-align: center;\"><strong style=\"text-align: center;\">\u00a0<\/strong><\/p>\n<p>Lembrando:<\/p>\n<p style=\"text-align: center;\"><strong style=\"text-align: center;\">\u00a0<\/strong><\/p>\n<ul>\n<li>o login do aluno \u00e9 o RA sem o primeiro zero. Ex: 89xxxxxx;<\/li>\n<li>a senha \u00e9 a data de nascimento completa do aluno. EX: 18082009.<\/li>\n<\/ul>\n<p style=\"text-align: center;\"><strong style=\"text-align: center;\">\u00a0<\/strong><\/p>\n<p><b>PORTAL COC<\/b><\/p>\n<p style=\"text-align: center;\"><strong style=\"text-align: center;\">\u00a0<\/strong><\/p>\n<p>O Portal COC (www.coc.com.br) \u00e9 um site de acesso exclusivo para alunos do Sistema de Ensino COC.\u00a0 Nele,\u00a0 fam\u00edlias e alunos poder\u00e3o ter acesso a:<\/p>\n<p style=\"text-align: center;\"><strong style=\"text-align: center;\">\u00a0<\/strong><\/p>\n<ul>\n<li>livros eletr\u00f4nicos (apostila digital);<\/li>\n<\/ul>\n<p style=\"text-align: center;\"><strong style=\"text-align: center;\">\u00a0<\/strong><\/p>\n<ul>\n<li>plant\u00e3o on-line para alunos a partir do 6\u00b0 ano;<\/li>\n<\/ul>\n<p style=\"text-align: center;\"><strong style=\"text-align: center;\">\u00a0<\/strong><\/p>\n<ul>\n<li>amigos do COC \u2013 Ed. Infantil at\u00e9 o 1\u00b0 Ano EF;<\/li>\n<\/ul>\n<p style=\"text-align: center;\"><strong style=\"text-align: center;\">\u00a0<\/strong><\/p>\n<ul>\n<li>jogos educativos e aprendizagem l\u00fadica;<\/li>\n<\/ul>\n<p style=\"text-align: center;\"><strong style=\"text-align: center;\">\u00a0<\/strong><\/p>\n<ul>\n<li>muitos outros conte\u00fados e curiosidades.<\/li>\n<\/ul>\n<p style=\"text-align: center;\"><strong style=\"text-align: center;\">\u00a0<\/strong><\/p>\n<p><b>GOOGLE APPS FOR EDUCATION<\/b><\/p>\n<p style=\"text-align: center;\"><strong style=\"text-align: center;\">\u00a0<\/strong><\/p>\n<p>Em parceria com uma das maiores empresas de tecnologia do mundo, garantimos aos nossos alunos acesso \u00e0s mais modernas ferramentas de produtividade dispon\u00edveis.<\/p>\n<p style=\"text-align: center;\"><strong style=\"text-align: center;\">\u00a0<\/strong><\/p>\n<p>Com o usu\u00e1rio exclusivo RA@aluno-guroo.com.br, \u00e9 poss\u00edvel ter acesso ao\u00a0 e-mail, no qual receber\u00e1 mensagens da escola, e ao Google Drive com armazenamento pessoal ilimitado (aproveite!).<\/p>\n<p style=\"text-align: center;\"><strong style=\"text-align: center;\">\u00a0<\/strong><\/p>\n<p>Para acessar sua conta Guroo no Google, basta entrar no site www.gmail.com e clicar no link \u201cadicionar conta\u201d.<\/p>\n<p style=\"text-align: center;\"><strong style=\"text-align: center;\">\u00a0<\/strong><\/p>\n<p>[\/vc_column_text][\/vc_column][\/vc_row]<\/p>\n","protected":false},"excerpt":{"rendered":"<p>[vc_row][vc_column][vc_column_text]Com o objetivo de proporcionar maior proximidade entre respons\u00e1veis, alunos e a nossa institui\u00e7\u00e3o, enviamos\u00a0 algumas informa\u00e7\u00f5es sobre acessos \u00e0s ferramentas digitais. \u00a0 UNIMESTRE (Plataforma Pedag\u00f3gica) \u00a0 Neste ambiente, pode-se fazer o acompanhamento on-line do desempenho de estudantes durante todo o\u00a0 ano letivo, por meio do acesso dos alunos e de seus\u00a0 respons\u00e1veis a registros [&hellip;]<\/p>\n","protected":false},"author":1,"featured_media":0,"parent":0,"menu_order":0,"comment_status":"closed","ping_status":"closed","template":"","meta":{"footnotes":""},"class_list":["post-964","page","type-page","status-publish","hentry"],"yoast_head":"<!-- This site is optimized with the Yoast SEO plugin v25.6 - https:\/\/yoast.com\/wordpress\/plugins\/seo\/ -->\n<title>FERRAMENTAS DIGITAIS - Centro de Ensino Guroo<\/title>\n<meta name=\"robots\" content=\"index, follow, max-snippet:-1, max-image-preview:large, max-video-preview:-1\" \/>\n<link rel=\"canonical\" href=\"https:\/\/www.guroo.com.br\/?page_id=964\" \/>\n<meta property=\"og:locale\" content=\"pt_BR\" \/>\n<meta property=\"og:type\" content=\"article\" \/>\n<meta property=\"og:title\" content=\"FERRAMENTAS DIGITAIS - Centro de Ensino Guroo\" \/>\n<meta property=\"og:description\" content=\"[vc_row][vc_column][vc_column_text]Com o objetivo de proporcionar maior proximidade entre respons\u00e1veis, alunos e a nossa institui\u00e7\u00e3o, enviamos\u00a0 algumas informa\u00e7\u00f5es sobre acessos \u00e0s ferramentas digitais. \u00a0 UNIMESTRE (Plataforma Pedag\u00f3gica) \u00a0 Neste ambiente, pode-se fazer o acompanhamento on-line do desempenho de estudantes durante todo o\u00a0 ano letivo, por meio do acesso dos alunos e de seus\u00a0 respons\u00e1veis a registros [&hellip;]\" \/>\n<meta property=\"og:url\" content=\"https:\/\/www.guroo.com.br\/?page_id=964\" \/>\n<meta property=\"og:site_name\" content=\"Centro de Ensino Guroo\" \/>\n<meta property=\"article:modified_time\" content=\"2025-09-10T18:08:47+00:00\" \/>\n<meta name=\"twitter:card\" content=\"summary_large_image\" \/>\n<meta name=\"twitter:label1\" content=\"Est. tempo de leitura\" \/>\n\t<meta name=\"twitter:data1\" content=\"3 minutos\" \/>\n<script type=\"application\/ld+json\" class=\"yoast-schema-graph\">{\"@context\":\"https:\/\/schema.org\",\"@graph\":[{\"@type\":\"WebPage\",\"@id\":\"https:\/\/www.guroo.com.br\/?page_id=964\",\"url\":\"https:\/\/www.guroo.com.br\/?page_id=964\",\"name\":\"FERRAMENTAS DIGITAIS - Centro de Ensino Guroo\",\"isPartOf\":{\"@id\":\"https:\/\/www.guroo.com.br\/#website\"},\"datePublished\":\"2021-08-13T17:29:01+00:00\",\"dateModified\":\"2025-09-10T18:08:47+00:00\",\"breadcrumb\":{\"@id\":\"https:\/\/www.guroo.com.br\/?page_id=964#breadcrumb\"},\"inLanguage\":\"pt-BR\",\"potentialAction\":[{\"@type\":\"ReadAction\",\"target\":[\"https:\/\/www.guroo.com.br\/?page_id=964\"]}]},{\"@type\":\"BreadcrumbList\",\"@id\":\"https:\/\/www.guroo.com.br\/?page_id=964#breadcrumb\",\"itemListElement\":[{\"@type\":\"ListItem\",\"position\":1,\"name\":\"In\u00edcio\",\"item\":\"https:\/\/www.guroo.com.br\/\"},{\"@type\":\"ListItem\",\"position\":2,\"name\":\"FERRAMENTAS DIGITAIS\"}]},{\"@type\":\"WebSite\",\"@id\":\"https:\/\/www.guroo.com.br\/#website\",\"url\":\"https:\/\/www.guroo.com.br\/\",\"name\":\"Centro de Ensino Guroo\",\"description\":\"\",\"potentialAction\":[{\"@type\":\"SearchAction\",\"target\":{\"@type\":\"EntryPoint\",\"urlTemplate\":\"https:\/\/www.guroo.com.br\/?s={search_term_string}\"},\"query-input\":{\"@type\":\"PropertyValueSpecification\",\"valueRequired\":true,\"valueName\":\"search_term_string\"}}],\"inLanguage\":\"pt-BR\"}]}<\/script>\n<!-- \/ Yoast SEO plugin. -->","yoast_head_json":{"title":"FERRAMENTAS DIGITAIS - Centro de Ensino Guroo","robots":{"index":"index","follow":"follow","max-snippet":"max-snippet:-1","max-image-preview":"max-image-preview:large","max-video-preview":"max-video-preview:-1"},"canonical":"https:\/\/www.guroo.com.br\/?page_id=964","og_locale":"pt_BR","og_type":"article","og_title":"FERRAMENTAS DIGITAIS - Centro de Ensino Guroo","og_description":"[vc_row][vc_column][vc_column_text]Com o objetivo de proporcionar maior proximidade entre respons\u00e1veis, alunos e a nossa institui\u00e7\u00e3o, enviamos\u00a0 algumas informa\u00e7\u00f5es sobre acessos \u00e0s ferramentas digitais. \u00a0 UNIMESTRE (Plataforma Pedag\u00f3gica) \u00a0 Neste ambiente, pode-se fazer o acompanhamento on-line do desempenho de estudantes durante todo o\u00a0 ano letivo, por meio do acesso dos alunos e de seus\u00a0 respons\u00e1veis a registros [&hellip;]","og_url":"https:\/\/www.guroo.com.br\/?page_id=964","og_site_name":"Centro de Ensino Guroo","article_modified_time":"2025-09-10T18:08:47+00:00","twitter_card":"summary_large_image","twitter_misc":{"Est. tempo de leitura":"3 minutos"},"schema":{"@context":"https:\/\/schema.org","@graph":[{"@type":"WebPage","@id":"https:\/\/www.guroo.com.br\/?page_id=964","url":"https:\/\/www.guroo.com.br\/?page_id=964","name":"FERRAMENTAS DIGITAIS - Centro de Ensino Guroo","isPartOf":{"@id":"https:\/\/www.guroo.com.br\/#website"},"datePublished":"2021-08-13T17:29:01+00:00","dateModified":"2025-09-10T18:08:47+00:00","breadcrumb":{"@id":"https:\/\/www.guroo.com.br\/?page_id=964#breadcrumb"},"inLanguage":"pt-BR","potentialAction":[{"@type":"ReadAction","target":["https:\/\/www.guroo.com.br\/?page_id=964"]}]},{"@type":"BreadcrumbList","@id":"https:\/\/www.guroo.com.br\/?page_id=964#breadcrumb","itemListElement":[{"@type":"ListItem","position":1,"name":"In\u00edcio","item":"https:\/\/www.guroo.com.br\/"},{"@type":"ListItem","position":2,"name":"FERRAMENTAS DIGITAIS"}]},{"@type":"WebSite","@id":"https:\/\/www.guroo.com.br\/#website","url":"https:\/\/www.guroo.com.br\/","name":"Centro de Ensino Guroo","description":"","potentialAction":[{"@type":"SearchAction","target":{"@type":"EntryPoint","urlTemplate":"https:\/\/www.guroo.com.br\/?s={search_term_string}"},"query-input":{"@type":"PropertyValueSpecification","valueRequired":true,"valueName":"search_term_string"}}],"inLanguage":"pt-BR"}]}},"_links":{"self":[{"href":"https:\/\/www.guroo.com.br\/index.php?rest_route=\/wp\/v2\/pages\/964","targetHints":{"allow":["GET"]}}],"collection":[{"href":"https:\/\/www.guroo.com.br\/index.php?rest_route=\/wp\/v2\/pages"}],"about":[{"href":"https:\/\/www.guroo.com.br\/index.php?rest_route=\/wp\/v2\/types\/page"}],"author":[{"embeddable":true,"href":"https:\/\/www.guroo.com.br\/index.php?rest_route=\/wp\/v2\/users\/1"}],"replies":[{"embeddable":true,"href":"https:\/\/www.guroo.com.br\/index.php?rest_route=%2Fwp%2Fv2%2Fcomments&post=964"}],"version-history":[{"count":15,"href":"https:\/\/www.guroo.com.br\/index.php?rest_route=\/wp\/v2\/pages\/964\/revisions"}],"predecessor-version":[{"id":1565,"href":"https:\/\/www.guroo.com.br\/index.php?rest_route=\/wp\/v2\/pages\/964\/revisions\/1565"}],"wp:attachment":[{"href":"https:\/\/www.guroo.com.br\/index.php?rest_route=%2Fwp%2Fv2%2Fmedia&parent=964"}],"curies":[{"name":"wp","href":"https:\/\/api.w.org\/{rel}","templated":true}]}}