{"id":834,"date":"2021-06-30T23:51:19","date_gmt":"2021-06-30T23:51:19","guid":{"rendered":"https:\/\/www.guroo.com.br\/?page_id=834"},"modified":"2025-09-10T18:08:11","modified_gmt":"2025-09-10T18:08:11","slug":"noticias-2","status":"publish","type":"page","link":"https:\/\/www.guroo.com.br\/?page_id=834","title":{"rendered":"BLOG"},"content":{"rendered":"<p>[vc_row][vc_column][vc_raw_html]JTNDc3R5bGUlM0UubmRfb3B0aW9uc19kaXNwbGF5X2lubGluZV9ibG9jayUyMCU3QiUwQSUyMCUyMGRpc3BsYXklM0ElMjBub25lJTIwJTIxaW1wb3J0YW50JTNCJTBBJTdEJTNDJTJGc3R5bGUlM0U=[\/vc_raw_html]<!--START MASONRY--><div class=\"nd_options_section nd_options_masonry_content  \">\n\n\n\t    <div class=\" nd_options_width_33_percentage nd_options_float_left nd_options_padding_15 nd_options_box_sizing_border_box nd_options_masonry_item nd_options_width_100_percentage_responsive\">\n\t\t    <div class=\"nd_options_section nd_options_border_1_solid_grey nd_options_bg_white\">\n\n\t\t        <div class=\"nd_options_section nd_options_position_relative\">\n\t\t            \n\t\t            \n\n\n\t\t  \t<div class=\"nd_options_section nd_options_position_relative\">\n\n\t\t  \t\t<p class=\" nd_options_position_absolute nd_options_top_30 nd_options_left_30 nd_options_bg_white nd_options_line_height_14 nd_travel_padding_5_10 nd_options_padding_0 nd_options_second_font nd_options_text_transform_uppercase nd_options_font_size_12\">Uncategorized <\/p>\n\n\t\t        <a href=\"https:\/\/www.guroo.com.br\/?p=1337\"><img decoding=\"async\" alt=\"\" class=\"nd_options_section\" src=\"https:\/\/www.guroo.com.br\/wp-content\/uploads\/2024\/04\/IMG_0387-1-1024x683.jpg\"><\/a>\n\t\t    <\/div>\n\n\t\t  \t\n\n\t\t        <\/div>\n\n\t\t        <div class=\"nd_options_section nd_options_padding_30 nd_options_box_sizing_border_box\">\n\t\t            \n\t\t            <h2 class=\"nd_options_margin_0_important nd_options_padding_0 \">Newsletter &#8211; Mar\u00e7o 2024<\/h2>\n\t\t            <div class=\"nd_options_section nd_options_height_20\"><\/div>\n\t \t\t\t\t<div class=\"nd_options_section nd_options_line_height_0\"><span class=\"nd_options_display_inline_block nd_options_float_left nd_options_bg_grey_4 nd_options_width_40 nd_options_height_2\"><\/span><\/div>\n\t \t\t\t\t<div class=\"nd_options_section nd_options_height_20\"><\/div>\n\t\t            <p class=\"nd_options_margin_0_important nd_options_padding_0\">Mar\u00e7o foi um m\u00eas recheado de aprendizados. Confira tudo o que aconteceu durante o \u00faltimo m\u00eas no Centro de Ensino Guroo! &nbsp; EDUCA\u00c7\u00c3O INFANTIL &nbsp; A turminha do Infantil 1 e 2 da professora M\u00e1rcia, trabalhou o tema: Resgate dos Animais. Com o tema, foram desenvolvidas as habilidades de coordena\u00e7\u00e3o motora fina, foco, linguagem e [&hellip;]<\/p>\n\t\t            <div class=\"nd_options_section nd_options_height_20\"><\/div>\n\t\t            <a style=\"background-color:#000\" class=\"nd_options_display_inline_block nd_options_line_height_11 nd_options_color_white nd_options_text_align_center nd_options_box_sizing_border_box nd_options_second_font nd_options_padding_15_30  \" href=\"https:\/\/www.guroo.com.br\/?p=1337\">LEIA MAIS<\/a>\n\n\t\t        <\/div>\n\n\t\t    <\/div>\n\t\t<\/div>\n\n\n\t  \n\n\n\t    <div class=\" nd_options_width_33_percentage nd_options_float_left nd_options_padding_15 nd_options_box_sizing_border_box nd_options_masonry_item nd_options_width_100_percentage_responsive\">\n\t\t    <div class=\"nd_options_section nd_options_border_1_solid_grey nd_options_bg_white\">\n\n\t\t        <div class=\"nd_options_section nd_options_position_relative\">\n\t\t            \n\t\t            \n\n\n\t\t  \t<div class=\"nd_options_section nd_options_position_relative\">\n\n\t\t  \t\t<p class=\" nd_options_position_absolute nd_options_top_30 nd_options_left_30 nd_options_bg_white nd_options_line_height_14 nd_travel_padding_5_10 nd_options_padding_0 nd_options_second_font nd_options_text_transform_uppercase nd_options_font_size_12\">Uncategorized <\/p>\n\n\t\t        <a href=\"https:\/\/www.guroo.com.br\/?p=1238\"><img decoding=\"async\" alt=\"\" class=\"nd_options_section\" src=\"https:\/\/www.guroo.com.br\/wp-content\/uploads\/2023\/09\/post3.png\"><\/a>\n\t\t    <\/div>\n\n\t\t  \t\n\n\t\t        <\/div>\n\n\t\t        <div class=\"nd_options_section nd_options_padding_30 nd_options_box_sizing_border_box\">\n\t\t            \n\t\t            <h2 class=\"nd_options_margin_0_important nd_options_padding_0 \">Mapa t\u00e1til<\/h2>\n\t\t            <div class=\"nd_options_section nd_options_height_20\"><\/div>\n\t \t\t\t\t<div class=\"nd_options_section nd_options_line_height_0\"><span class=\"nd_options_display_inline_block nd_options_float_left nd_options_bg_grey_4 nd_options_width_40 nd_options_height_2\"><\/span><\/div>\n\t \t\t\t\t<div class=\"nd_options_section nd_options_height_20\"><\/div>\n\t\t            <p class=\"nd_options_margin_0_important nd_options_padding_0\">Maria Luiza Casagrande Gusberti \u2022 7\u00ba Ano \u2013 Ensino Fundamental II O Mapa t\u00e1til foi constru\u00eddo para trabalhar conte\u00fados de geografia f\u00edsica, ou seja, caracter\u00edsticas naturais existentes na superf\u00edcie terrestre, principalmente as formas de relevo. O mapa tamb\u00e9m pode ser utilizado com adapta\u00e7\u00f5es, com o intuito de ensinar outros temas de geografia, tais como clima, [&hellip;]<\/p>\n\t\t            <div class=\"nd_options_section nd_options_height_20\"><\/div>\n\t\t            <a style=\"background-color:#000\" class=\"nd_options_display_inline_block nd_options_line_height_11 nd_options_color_white nd_options_text_align_center nd_options_box_sizing_border_box nd_options_second_font nd_options_padding_15_30  \" href=\"https:\/\/www.guroo.com.br\/?p=1238\">LEIA MAIS<\/a>\n\n\t\t        <\/div>\n\n\t\t    <\/div>\n\t\t<\/div>\n\n\n\t  \n\n\n\t    <div class=\" nd_options_width_33_percentage nd_options_float_left nd_options_padding_15 nd_options_box_sizing_border_box nd_options_masonry_item nd_options_width_100_percentage_responsive\">\n\t\t    <div class=\"nd_options_section nd_options_border_1_solid_grey nd_options_bg_white\">\n\n\t\t        <div class=\"nd_options_section nd_options_position_relative\">\n\t\t            \n\t\t            \n\n\n\t\t  \t<div class=\"nd_options_section nd_options_position_relative\">\n\n\t\t  \t\t<p class=\" nd_options_position_absolute nd_options_top_30 nd_options_left_30 nd_options_bg_white nd_options_line_height_14 nd_travel_padding_5_10 nd_options_padding_0 nd_options_second_font nd_options_text_transform_uppercase nd_options_font_size_12\">Uncategorized <\/p>\n\n\t\t        <a href=\"https:\/\/www.guroo.com.br\/?p=1234\"><img decoding=\"async\" alt=\"\" class=\"nd_options_section\" src=\"https:\/\/www.guroo.com.br\/wp-content\/uploads\/2023\/09\/post2.png\"><\/a>\n\t\t    <\/div>\n\n\t\t  \t\n\n\t\t        <\/div>\n\n\t\t        <div class=\"nd_options_section nd_options_padding_30 nd_options_box_sizing_border_box\">\n\t\t            \n\t\t            <h2 class=\"nd_options_margin_0_important nd_options_padding_0 \">Personagens do Renascimento<\/h2>\n\t\t            <div class=\"nd_options_section nd_options_height_20\"><\/div>\n\t \t\t\t\t<div class=\"nd_options_section nd_options_line_height_0\"><span class=\"nd_options_display_inline_block nd_options_float_left nd_options_bg_grey_4 nd_options_width_40 nd_options_height_2\"><\/span><\/div>\n\t \t\t\t\t<div class=\"nd_options_section nd_options_height_20\"><\/div>\n\t\t            <p class=\"nd_options_margin_0_important nd_options_padding_0\">Mauricio Santiago Assump\u00e7\u00e3o \u2022 7\u00ba Ano \u2013 Ensino Fundamental II &nbsp; O per\u00edodo de transi\u00e7\u00e3o da Idade M\u00e9dia para a Idade Moderna \u00e9 conhecido por grandes transforma\u00e7\u00f5es. Diversas crises \u2013 como a Peste Negra e a Grande Fome \u2013 exigiam atitudes dr\u00e1sticas ou mudan\u00e7as na forma de pensar e compreender o mundo. Por conta disso, [&hellip;]<\/p>\n\t\t            <div class=\"nd_options_section nd_options_height_20\"><\/div>\n\t\t            <a style=\"background-color:#000\" class=\"nd_options_display_inline_block nd_options_line_height_11 nd_options_color_white nd_options_text_align_center nd_options_box_sizing_border_box nd_options_second_font nd_options_padding_15_30  \" href=\"https:\/\/www.guroo.com.br\/?p=1234\">LEIA MAIS<\/a>\n\n\t\t        <\/div>\n\n\t\t    <\/div>\n\t\t<\/div>\n\n\n\t  \n\n\n\t    <div class=\" nd_options_width_33_percentage nd_options_float_left nd_options_padding_15 nd_options_box_sizing_border_box nd_options_masonry_item nd_options_width_100_percentage_responsive\">\n\t\t    <div class=\"nd_options_section nd_options_border_1_solid_grey nd_options_bg_white\">\n\n\t\t        <div class=\"nd_options_section nd_options_position_relative\">\n\t\t            \n\t\t            \n\n\n\t\t  \t<div class=\"nd_options_section nd_options_position_relative\">\n\n\t\t  \t\t<p class=\" nd_options_position_absolute nd_options_top_30 nd_options_left_30 nd_options_bg_white nd_options_line_height_14 nd_travel_padding_5_10 nd_options_padding_0 nd_options_second_font nd_options_text_transform_uppercase nd_options_font_size_12\">Uncategorized <\/p>\n\n\t\t        <a href=\"https:\/\/www.guroo.com.br\/?p=1231\"><img decoding=\"async\" alt=\"\" class=\"nd_options_section\" src=\"https:\/\/www.guroo.com.br\/wp-content\/uploads\/2023\/09\/post1.png\"><\/a>\n\t\t    <\/div>\n\n\t\t  \t\n\n\t\t        <\/div>\n\n\t\t        <div class=\"nd_options_section nd_options_padding_30 nd_options_box_sizing_border_box\">\n\t\t            \n\t\t            <h2 class=\"nd_options_margin_0_important nd_options_padding_0 \">Alimenta\u00e7\u00e3o saud\u00e1vel \u2013 A import\u00e2ncia das frutas na alimenta\u00e7\u00e3o infantil<\/h2>\n\t\t            <div class=\"nd_options_section nd_options_height_20\"><\/div>\n\t \t\t\t\t<div class=\"nd_options_section nd_options_line_height_0\"><span class=\"nd_options_display_inline_block nd_options_float_left nd_options_bg_grey_4 nd_options_width_40 nd_options_height_2\"><\/span><\/div>\n\t \t\t\t\t<div class=\"nd_options_section nd_options_height_20\"><\/div>\n\t\t            <p class=\"nd_options_margin_0_important nd_options_padding_0\">Marih\u00e1 Luiza Ac\u00f3rdi Avilez \u2022 Infantil 3 \u2013 Educa\u00e7\u00e3o Infantil &nbsp; Quando falamos em incentivar as nossas crian\u00e7as a comerem melhor, tamb\u00e9m \u00e9 necess\u00e1rio um olhar atencioso para os h\u00e1bitos alimentares dentro de casa. Por isso, \u00e9 muito importante que a fam\u00edlia consuma junto com as crian\u00e7as os alimentos, gerando assim, exemplos positivos. &nbsp; As [&hellip;]<\/p>\n\t\t            <div class=\"nd_options_section nd_options_height_20\"><\/div>\n\t\t            <a style=\"background-color:#000\" class=\"nd_options_display_inline_block nd_options_line_height_11 nd_options_color_white nd_options_text_align_center nd_options_box_sizing_border_box nd_options_second_font nd_options_padding_15_30  \" href=\"https:\/\/www.guroo.com.br\/?p=1231\">LEIA MAIS<\/a>\n\n\t\t        <\/div>\n\n\t\t    <\/div>\n\t\t<\/div>\n\n\n\t  <\/div><!--CLOSE MASONRY-->[\/vc_column][\/vc_row]<\/p>\n","protected":false},"excerpt":{"rendered":"<p>[vc_row][vc_column][vc_raw_html]JTNDc3R5bGUlM0UubmRfb3B0aW9uc19kaXNwbGF5X2lubGluZV9ibG9jayUyMCU3QiUwQSUyMCUyMGRpc3BsYXklM0ElMjBub25lJTIwJTIxaW1wb3J0YW50JTNCJTBBJTdEJTNDJTJGc3R5bGUlM0U=[\/vc_raw_html][\/vc_column][\/vc_row]<\/p>\n","protected":false},"author":1,"featured_media":0,"parent":0,"menu_order":0,"comment_status":"closed","ping_status":"closed","template":"","meta":{"footnotes":""},"class_list":["post-834","page","type-page","status-publish","hentry"],"yoast_head":"<!-- This site is optimized with the Yoast SEO plugin v25.6 - https:\/\/yoast.com\/wordpress\/plugins\/seo\/ -->\n<title>BLOG - Centro de Ensino Guroo<\/title>\n<meta name=\"robots\" content=\"index, follow, max-snippet:-1, max-image-preview:large, max-video-preview:-1\" \/>\n<link rel=\"canonical\" href=\"https:\/\/www.guroo.com.br\/?page_id=834\" \/>\n<meta property=\"og:locale\" content=\"pt_BR\" \/>\n<meta property=\"og:type\" content=\"article\" \/>\n<meta property=\"og:title\" content=\"BLOG - Centro de Ensino Guroo\" \/>\n<meta property=\"og:description\" content=\"[vc_row][vc_column][vc_raw_html]JTNDc3R5bGUlM0UubmRfb3B0aW9uc19kaXNwbGF5X2lubGluZV9ibG9jayUyMCU3QiUwQSUyMCUyMGRpc3BsYXklM0ElMjBub25lJTIwJTIxaW1wb3J0YW50JTNCJTBBJTdEJTNDJTJGc3R5bGUlM0U=[\/vc_raw_html][\/vc_column][\/vc_row]\" \/>\n<meta property=\"og:url\" content=\"https:\/\/www.guroo.com.br\/?page_id=834\" \/>\n<meta property=\"og:site_name\" content=\"Centro de Ensino Guroo\" \/>\n<meta property=\"article:modified_time\" content=\"2025-09-10T18:08:11+00:00\" \/>\n<meta name=\"twitter:card\" content=\"summary_large_image\" \/>\n<meta name=\"twitter:label1\" content=\"Est. tempo de leitura\" \/>\n\t<meta name=\"twitter:data1\" content=\"1 minuto\" \/>\n<script type=\"application\/ld+json\" class=\"yoast-schema-graph\">{\"@context\":\"https:\/\/schema.org\",\"@graph\":[{\"@type\":\"WebPage\",\"@id\":\"https:\/\/www.guroo.com.br\/?page_id=834\",\"url\":\"https:\/\/www.guroo.com.br\/?page_id=834\",\"name\":\"BLOG - Centro de Ensino Guroo\",\"isPartOf\":{\"@id\":\"https:\/\/www.guroo.com.br\/#website\"},\"datePublished\":\"2021-06-30T23:51:19+00:00\",\"dateModified\":\"2025-09-10T18:08:11+00:00\",\"breadcrumb\":{\"@id\":\"https:\/\/www.guroo.com.br\/?page_id=834#breadcrumb\"},\"inLanguage\":\"pt-BR\",\"potentialAction\":[{\"@type\":\"ReadAction\",\"target\":[\"https:\/\/www.guroo.com.br\/?page_id=834\"]}]},{\"@type\":\"BreadcrumbList\",\"@id\":\"https:\/\/www.guroo.com.br\/?page_id=834#breadcrumb\",\"itemListElement\":[{\"@type\":\"ListItem\",\"position\":1,\"name\":\"In\u00edcio\",\"item\":\"https:\/\/www.guroo.com.br\/\"},{\"@type\":\"ListItem\",\"position\":2,\"name\":\"BLOG\"}]},{\"@type\":\"WebSite\",\"@id\":\"https:\/\/www.guroo.com.br\/#website\",\"url\":\"https:\/\/www.guroo.com.br\/\",\"name\":\"Centro de Ensino Guroo\",\"description\":\"\",\"potentialAction\":[{\"@type\":\"SearchAction\",\"target\":{\"@type\":\"EntryPoint\",\"urlTemplate\":\"https:\/\/www.guroo.com.br\/?s={search_term_string}\"},\"query-input\":{\"@type\":\"PropertyValueSpecification\",\"valueRequired\":true,\"valueName\":\"search_term_string\"}}],\"inLanguage\":\"pt-BR\"}]}<\/script>\n<!-- \/ Yoast SEO plugin. -->","yoast_head_json":{"title":"BLOG - Centro de Ensino Guroo","robots":{"index":"index","follow":"follow","max-snippet":"max-snippet:-1","max-image-preview":"max-image-preview:large","max-video-preview":"max-video-preview:-1"},"canonical":"https:\/\/www.guroo.com.br\/?page_id=834","og_locale":"pt_BR","og_type":"article","og_title":"BLOG - Centro de Ensino Guroo","og_description":"[vc_row][vc_column][vc_raw_html]JTNDc3R5bGUlM0UubmRfb3B0aW9uc19kaXNwbGF5X2lubGluZV9ibG9jayUyMCU3QiUwQSUyMCUyMGRpc3BsYXklM0ElMjBub25lJTIwJTIxaW1wb3J0YW50JTNCJTBBJTdEJTNDJTJGc3R5bGUlM0U=[\/vc_raw_html][\/vc_column][\/vc_row]","og_url":"https:\/\/www.guroo.com.br\/?page_id=834","og_site_name":"Centro de Ensino Guroo","article_modified_time":"2025-09-10T18:08:11+00:00","twitter_card":"summary_large_image","twitter_misc":{"Est. tempo de leitura":"1 minuto"},"schema":{"@context":"https:\/\/schema.org","@graph":[{"@type":"WebPage","@id":"https:\/\/www.guroo.com.br\/?page_id=834","url":"https:\/\/www.guroo.com.br\/?page_id=834","name":"BLOG - Centro de Ensino Guroo","isPartOf":{"@id":"https:\/\/www.guroo.com.br\/#website"},"datePublished":"2021-06-30T23:51:19+00:00","dateModified":"2025-09-10T18:08:11+00:00","breadcrumb":{"@id":"https:\/\/www.guroo.com.br\/?page_id=834#breadcrumb"},"inLanguage":"pt-BR","potentialAction":[{"@type":"ReadAction","target":["https:\/\/www.guroo.com.br\/?page_id=834"]}]},{"@type":"BreadcrumbList","@id":"https:\/\/www.guroo.com.br\/?page_id=834#breadcrumb","itemListElement":[{"@type":"ListItem","position":1,"name":"In\u00edcio","item":"https:\/\/www.guroo.com.br\/"},{"@type":"ListItem","position":2,"name":"BLOG"}]},{"@type":"WebSite","@id":"https:\/\/www.guroo.com.br\/#website","url":"https:\/\/www.guroo.com.br\/","name":"Centro de Ensino Guroo","description":"","potentialAction":[{"@type":"SearchAction","target":{"@type":"EntryPoint","urlTemplate":"https:\/\/www.guroo.com.br\/?s={search_term_string}"},"query-input":{"@type":"PropertyValueSpecification","valueRequired":true,"valueName":"search_term_string"}}],"inLanguage":"pt-BR"}]}},"_links":{"self":[{"href":"https:\/\/www.guroo.com.br\/index.php?rest_route=\/wp\/v2\/pages\/834","targetHints":{"allow":["GET"]}}],"collection":[{"href":"https:\/\/www.guroo.com.br\/index.php?rest_route=\/wp\/v2\/pages"}],"about":[{"href":"https:\/\/www.guroo.com.br\/index.php?rest_route=\/wp\/v2\/types\/page"}],"author":[{"embeddable":true,"href":"https:\/\/www.guroo.com.br\/index.php?rest_route=\/wp\/v2\/users\/1"}],"replies":[{"embeddable":true,"href":"https:\/\/www.guroo.com.br\/index.php?rest_route=%2Fwp%2Fv2%2Fcomments&post=834"}],"version-history":[{"count":9,"href":"https:\/\/www.guroo.com.br\/index.php?rest_route=\/wp\/v2\/pages\/834\/revisions"}],"predecessor-version":[{"id":1564,"href":"https:\/\/www.guroo.com.br\/index.php?rest_route=\/wp\/v2\/pages\/834\/revisions\/1564"}],"wp:attachment":[{"href":"https:\/\/www.guroo.com.br\/index.php?rest_route=%2Fwp%2Fv2%2Fmedia&parent=834"}],"curies":[{"name":"wp","href":"https:\/\/api.w.org\/{rel}","templated":true}]}}