{"id":671,"date":"2021-06-22T22:31:08","date_gmt":"2021-06-22T22:31:08","guid":{"rendered":"https:\/\/www.guroo.com.br\/?page_id=671"},"modified":"2025-09-10T18:06:07","modified_gmt":"2025-09-10T18:06:07","slug":"ensino-medio","status":"publish","type":"page","link":"https:\/\/www.guroo.com.br\/?page_id=671","title":{"rendered":"ENSINO M\u00c9DIO"},"content":{"rendered":"<p>[vc_row][vc_column][vc_column_text]Ser\u00e3o oferecidas todas as \u00e1reas de conhecimento da BNCC (Base Nacional Comum Curricular), que estabelece aprendizagens essenciais a todos os estudantes e duas op\u00e7\u00f5es de IFAC &#8211; Itiner\u00e1rio Formativo Acad\u00eamico COC, que atende as necessidades, os interesses e as aptid\u00f5es do aluno. No Guroo, os IFACs s\u00e3o integrados, ou seja, s\u00e3o combinados dois itiner\u00e1rios com disciplinas comuns entre si, o que permite ao aluno aprofundar-se em duas \u00e1reas do conhecimento com pequeno acr\u00e9scimo de tempo em sua carga hor\u00e1ria semanal. Ainda contaremos com o Projeto de Vida, um componente curricular da BNCC que visa \u00e0 forma\u00e7\u00e3o integral do aluno nos aspectos f\u00edsicos, cognitivos e socioemocionais.<\/p>\n<p>&nbsp;<\/p>\n<p><b>IFAC 1<\/b><\/p>\n<p><span style=\"font-weight: 400;\">Ci\u00eancias Exatas + Ci\u00eancias da Natureza<\/span><\/p>\n<p><span style=\"font-weight: 400;\">Neste itiner\u00e1rio, o aluno aprofundar\u00e1 seus conhecimentos nas disciplinas de Matem\u00e1tica, F\u00edsica, Qu\u00edmica e Biologia.<\/span><\/p>\n<p>&nbsp;<\/p>\n<p><b>IFAC 2<\/b><\/p>\n<p><span style=\"font-weight: 400;\">Linguagens e C\u00f3digos + Ci\u00eancias Humanas e Sociais<\/span><\/p>\n<p><span style=\"font-weight: 400;\">Neste itiner\u00e1rio, o aluno aprofundar\u00e1 seus conhecimentos nas disciplinas de L\u00edngua Portuguesa, L\u00edngua Inglesa, Arte, Sociologia, Filosofia, Hist\u00f3ria e Geografia.\u00a0<\/span><\/p>\n<p>&nbsp;<\/p>\n<p><b>LIVRO ELETR\u00d4NICO<\/b><\/p>\n<p>Tenha suas apostilas digitais sempre \u00e0 m\u00e3o para consultas.<\/p>\n<p>&nbsp;<\/p>\n<p><b>MONITORIAS<\/b><\/p>\n<p><span style=\"font-weight: 400;\">Aulas no contraturno para complementar os estudos de Matem\u00e1tica, Qu\u00edmica e F\u00edsica (1\u00aa, 2\u00aa e 3\u00aa S\u00e9rie). <\/span><\/p>\n<p>&nbsp;<\/p>\n<p><b>MATERIAL DID\u00c1TICO Sistema de Ensino COC<\/b><\/p>\n<p>Apostilas em remessas bimestrais.<\/p>\n<p>&nbsp;<\/p>\n<p><b>GUROO ON-LINE<\/b><\/p>\n<p>Acesso aos registros educacionais, como agenda, boletim, ocorr\u00eancias, hor\u00e1rio de aula e financeiro. www.guroo.com.br<\/p>\n<p>&nbsp;<\/p>\n<p><b>SIMULADOS<\/b><\/p>\n<p><span style=\"font-weight: 400;\">Ciclos de Simulados preparat\u00f3rios para os vestibulares e ENEM (exclusivo para o Terceir\u00e3o).<\/span><\/p>\n<p>&nbsp;<\/p>\n<p><b>ATUALIDADES<\/b><\/p>\n<p><span style=\"font-weight: 400;\">Para 2\u00aa e 3\u00aa S\u00e9rie, aulas de atualidades dentro da grade hor\u00e1ria.\u00a0<\/span><\/p>\n<p>&nbsp;<\/p>\n<p><b>LOUSA MULTI-TOUCH<\/b><\/p>\n<p>Para aulas mais interativas, nossas salas s\u00e3o equipadas com ferramentas de m\u00eddia que auxiliam o professor na pesquisa e exibi\u00e7\u00e3o de conte\u00fados digitais.<\/p>\n<p>&nbsp;<\/p>\n<p><b>PORTAL COC<\/b><\/p>\n<p>Site de acesso exclusivo para alunos, personalizado de acordo com a s\u00e9rie, inclui objetos de aprendizagem, livro eletr\u00f4nico, MyClass, Coach Reda\u00e7\u00e3o, Plant\u00e3o On-line, Cosmo e diversos conte\u00fados digitais. www.coc.com.br<\/p>\n<p>&nbsp;<\/p>\n<p><b>GOOGLE APPS FOR EDUCATION<\/b><\/p>\n<p>Escola piloto na implementa\u00e7\u00e3o dos aplicativos Google para Educa\u00e7\u00e3o. Projeto que permite criar, colaborar e compartilhar documentos de maneira interativa e inovadora. Conta de e-mail escolar para cada aluno, Classroom, Meet, Apresenta\u00e7\u00f5es, Planilha etc.[\/vc_column_text][\/vc_column][\/vc_row]<\/p>\n","protected":false},"excerpt":{"rendered":"<p>[vc_row][vc_column][vc_column_text]Ser\u00e3o oferecidas todas as \u00e1reas de conhecimento da BNCC (Base Nacional Comum Curricular), que estabelece aprendizagens essenciais a todos os estudantes e duas op\u00e7\u00f5es de IFAC &#8211; Itiner\u00e1rio Formativo Acad\u00eamico COC, que atende as necessidades, os interesses e as aptid\u00f5es do aluno. No Guroo, os IFACs s\u00e3o integrados, ou seja, s\u00e3o combinados dois itiner\u00e1rios com [&hellip;]<\/p>\n","protected":false},"author":1,"featured_media":0,"parent":0,"menu_order":0,"comment_status":"closed","ping_status":"closed","template":"","meta":{"footnotes":""},"class_list":["post-671","page","type-page","status-publish","hentry"],"yoast_head":"<!-- This site is optimized with the Yoast SEO plugin v25.6 - https:\/\/yoast.com\/wordpress\/plugins\/seo\/ -->\n<title>ENSINO M\u00c9DIO - Centro de Ensino Guroo<\/title>\n<meta name=\"robots\" content=\"index, follow, max-snippet:-1, max-image-preview:large, max-video-preview:-1\" \/>\n<link rel=\"canonical\" href=\"https:\/\/www.guroo.com.br\/?page_id=671\" \/>\n<meta property=\"og:locale\" content=\"pt_BR\" \/>\n<meta property=\"og:type\" content=\"article\" \/>\n<meta property=\"og:title\" content=\"ENSINO M\u00c9DIO - Centro de Ensino Guroo\" \/>\n<meta property=\"og:description\" content=\"[vc_row][vc_column][vc_column_text]Ser\u00e3o oferecidas todas as \u00e1reas de conhecimento da BNCC (Base Nacional Comum Curricular), que estabelece aprendizagens essenciais a todos os estudantes e duas op\u00e7\u00f5es de IFAC &#8211; Itiner\u00e1rio Formativo Acad\u00eamico COC, que atende as necessidades, os interesses e as aptid\u00f5es do aluno. No Guroo, os IFACs s\u00e3o integrados, ou seja, s\u00e3o combinados dois itiner\u00e1rios com [&hellip;]\" \/>\n<meta property=\"og:url\" content=\"https:\/\/www.guroo.com.br\/?page_id=671\" \/>\n<meta property=\"og:site_name\" content=\"Centro de Ensino Guroo\" \/>\n<meta property=\"article:modified_time\" content=\"2025-09-10T18:06:07+00:00\" \/>\n<meta name=\"twitter:card\" content=\"summary_large_image\" \/>\n<meta name=\"twitter:label1\" content=\"Est. tempo de leitura\" \/>\n\t<meta name=\"twitter:data1\" content=\"2 minutos\" \/>\n<script type=\"application\/ld+json\" class=\"yoast-schema-graph\">{\"@context\":\"https:\/\/schema.org\",\"@graph\":[{\"@type\":\"WebPage\",\"@id\":\"https:\/\/www.guroo.com.br\/?page_id=671\",\"url\":\"https:\/\/www.guroo.com.br\/?page_id=671\",\"name\":\"ENSINO M\u00c9DIO - Centro de Ensino Guroo\",\"isPartOf\":{\"@id\":\"https:\/\/www.guroo.com.br\/#website\"},\"datePublished\":\"2021-06-22T22:31:08+00:00\",\"dateModified\":\"2025-09-10T18:06:07+00:00\",\"breadcrumb\":{\"@id\":\"https:\/\/www.guroo.com.br\/?page_id=671#breadcrumb\"},\"inLanguage\":\"pt-BR\",\"potentialAction\":[{\"@type\":\"ReadAction\",\"target\":[\"https:\/\/www.guroo.com.br\/?page_id=671\"]}]},{\"@type\":\"BreadcrumbList\",\"@id\":\"https:\/\/www.guroo.com.br\/?page_id=671#breadcrumb\",\"itemListElement\":[{\"@type\":\"ListItem\",\"position\":1,\"name\":\"In\u00edcio\",\"item\":\"https:\/\/www.guroo.com.br\/\"},{\"@type\":\"ListItem\",\"position\":2,\"name\":\"ENSINO M\u00c9DIO\"}]},{\"@type\":\"WebSite\",\"@id\":\"https:\/\/www.guroo.com.br\/#website\",\"url\":\"https:\/\/www.guroo.com.br\/\",\"name\":\"Centro de Ensino Guroo\",\"description\":\"\",\"potentialAction\":[{\"@type\":\"SearchAction\",\"target\":{\"@type\":\"EntryPoint\",\"urlTemplate\":\"https:\/\/www.guroo.com.br\/?s={search_term_string}\"},\"query-input\":{\"@type\":\"PropertyValueSpecification\",\"valueRequired\":true,\"valueName\":\"search_term_string\"}}],\"inLanguage\":\"pt-BR\"}]}<\/script>\n<!-- \/ Yoast SEO plugin. -->","yoast_head_json":{"title":"ENSINO M\u00c9DIO - Centro de Ensino Guroo","robots":{"index":"index","follow":"follow","max-snippet":"max-snippet:-1","max-image-preview":"max-image-preview:large","max-video-preview":"max-video-preview:-1"},"canonical":"https:\/\/www.guroo.com.br\/?page_id=671","og_locale":"pt_BR","og_type":"article","og_title":"ENSINO M\u00c9DIO - Centro de Ensino Guroo","og_description":"[vc_row][vc_column][vc_column_text]Ser\u00e3o oferecidas todas as \u00e1reas de conhecimento da BNCC (Base Nacional Comum Curricular), que estabelece aprendizagens essenciais a todos os estudantes e duas op\u00e7\u00f5es de IFAC &#8211; Itiner\u00e1rio Formativo Acad\u00eamico COC, que atende as necessidades, os interesses e as aptid\u00f5es do aluno. No Guroo, os IFACs s\u00e3o integrados, ou seja, s\u00e3o combinados dois itiner\u00e1rios com [&hellip;]","og_url":"https:\/\/www.guroo.com.br\/?page_id=671","og_site_name":"Centro de Ensino Guroo","article_modified_time":"2025-09-10T18:06:07+00:00","twitter_card":"summary_large_image","twitter_misc":{"Est. tempo de leitura":"2 minutos"},"schema":{"@context":"https:\/\/schema.org","@graph":[{"@type":"WebPage","@id":"https:\/\/www.guroo.com.br\/?page_id=671","url":"https:\/\/www.guroo.com.br\/?page_id=671","name":"ENSINO M\u00c9DIO - Centro de Ensino Guroo","isPartOf":{"@id":"https:\/\/www.guroo.com.br\/#website"},"datePublished":"2021-06-22T22:31:08+00:00","dateModified":"2025-09-10T18:06:07+00:00","breadcrumb":{"@id":"https:\/\/www.guroo.com.br\/?page_id=671#breadcrumb"},"inLanguage":"pt-BR","potentialAction":[{"@type":"ReadAction","target":["https:\/\/www.guroo.com.br\/?page_id=671"]}]},{"@type":"BreadcrumbList","@id":"https:\/\/www.guroo.com.br\/?page_id=671#breadcrumb","itemListElement":[{"@type":"ListItem","position":1,"name":"In\u00edcio","item":"https:\/\/www.guroo.com.br\/"},{"@type":"ListItem","position":2,"name":"ENSINO M\u00c9DIO"}]},{"@type":"WebSite","@id":"https:\/\/www.guroo.com.br\/#website","url":"https:\/\/www.guroo.com.br\/","name":"Centro de Ensino Guroo","description":"","potentialAction":[{"@type":"SearchAction","target":{"@type":"EntryPoint","urlTemplate":"https:\/\/www.guroo.com.br\/?s={search_term_string}"},"query-input":{"@type":"PropertyValueSpecification","valueRequired":true,"valueName":"search_term_string"}}],"inLanguage":"pt-BR"}]}},"_links":{"self":[{"href":"https:\/\/www.guroo.com.br\/index.php?rest_route=\/wp\/v2\/pages\/671","targetHints":{"allow":["GET"]}}],"collection":[{"href":"https:\/\/www.guroo.com.br\/index.php?rest_route=\/wp\/v2\/pages"}],"about":[{"href":"https:\/\/www.guroo.com.br\/index.php?rest_route=\/wp\/v2\/types\/page"}],"author":[{"embeddable":true,"href":"https:\/\/www.guroo.com.br\/index.php?rest_route=\/wp\/v2\/users\/1"}],"replies":[{"embeddable":true,"href":"https:\/\/www.guroo.com.br\/index.php?rest_route=%2Fwp%2Fv2%2Fcomments&post=671"}],"version-history":[{"count":9,"href":"https:\/\/www.guroo.com.br\/index.php?rest_route=\/wp\/v2\/pages\/671\/revisions"}],"predecessor-version":[{"id":1559,"href":"https:\/\/www.guroo.com.br\/index.php?rest_route=\/wp\/v2\/pages\/671\/revisions\/1559"}],"wp:attachment":[{"href":"https:\/\/www.guroo.com.br\/index.php?rest_route=%2Fwp%2Fv2%2Fmedia&parent=671"}],"curies":[{"name":"wp","href":"https:\/\/api.w.org\/{rel}","templated":true}]}}