{"id":662,"date":"2021-06-22T22:26:11","date_gmt":"2021-06-22T22:26:11","guid":{"rendered":"https:\/\/www.guroo.com.br\/?page_id=662"},"modified":"2025-09-10T18:03:13","modified_gmt":"2025-09-10T18:03:13","slug":"proposta-pedagogica","status":"publish","type":"page","link":"https:\/\/www.guroo.com.br\/?page_id=662","title":{"rendered":"PROPOSTA PEDAG\u00d3GICA"},"content":{"rendered":"<p>[vc_row][vc_column][vc_column_text]Contamos com\u00a0 uma proposta diferenciada e com o relacionamento pessoal acolhedor, essa combina\u00e7\u00e3o harmoniosa d\u00e1 o tom para que o Centro de Ensino Guroo desenvolva um primoroso trabalho pedag\u00f3gico que respeita o potencial dos alunos, oferecendo conforto, cuidados e aten\u00e7\u00e3o permanentes por meio de um qualificado corpo de coordenadores, professores e funcion\u00e1rios.<\/p>\n<p>&nbsp;<\/p>\n<p>No Centro de Ensino Guroo, nossos alunos recebem, desde a Educa\u00e7\u00e3o Infantil at\u00e9 o Ensino M\u00e9dio, forma\u00e7\u00e3o integral, al\u00e9m do mais completo suporte pedag\u00f3gico de que necessitam na sua prepara\u00e7\u00e3o para os maiores desafios de sua vida acad\u00eamica. Dispomos da tecnologia para transformar o ambiente de sala de aula mais interativo, trazendo in\u00fameras possibilidades para apresenta\u00e7\u00e3o dos conte\u00fados escolares. A crian\u00e7a de hoje tem muitas fontes valiosas de informa\u00e7\u00e3o que, aqui, o professor transforma em aprendizado e viv\u00eancia. Da fam\u00edlia, nosso Centro de Ensino espera a forma\u00e7\u00e3o da base moral e social de cada aluno, pois acreditamos que \u00e9 nessa institui\u00e7\u00e3o que apoiaremos novos v\u00ednculos e abordagens, caso necess\u00e1rio. Queremos que no final de cada ciclo, o aluno possa lembrar e levar para sua vida os valores e a\u00e7\u00f5es vivenciadas, bem como ser um multiplicador de a\u00e7\u00f5es positivas, din\u00e2micas e pioneiras. Nossa proposta tem alicerces fundamentados nas teorias de Reuven Feuerstein, bem como autores renomados como: Piaget, Vigotsky e Freinet.<\/p>\n<p>&nbsp;<\/p>\n<p>Acreditamos que os valores s\u00e3o constru\u00eddos a cada dia e que dever\u00e1 haver sempre uma inten\u00e7\u00e3o na pr\u00e1tica pedag\u00f3gica, bem como uma rela\u00e7\u00e3o com os temas propostos, para que assim, possa haver uma significa\u00e7\u00e3o para a crian\u00e7a e o jovem. Desta forma, o mediador, no caso professor, dever\u00e1 estar consciente de seu papel de agente da aprendizagem, onde dever\u00e1, por meio de seus registros e pesquisas, garantir a autonomia de pensamentos e conhecimentos.<\/p>\n<p>&nbsp;<\/p>\n<p>No Centro de Ensino Guroo o aluno \u00e9 o arquiteto de si mesmo.[\/vc_column_text][\/vc_column][\/vc_row]<\/p>\n","protected":false},"excerpt":{"rendered":"<p>[vc_row][vc_column][vc_column_text]Contamos com\u00a0 uma proposta diferenciada e com o relacionamento pessoal acolhedor, essa combina\u00e7\u00e3o harmoniosa d\u00e1 o tom para que o Centro de Ensino Guroo desenvolva um primoroso trabalho pedag\u00f3gico que respeita o potencial dos alunos, oferecendo conforto, cuidados e aten\u00e7\u00e3o permanentes por meio de um qualificado corpo de coordenadores, professores e funcion\u00e1rios. &nbsp; No Centro [&hellip;]<\/p>\n","protected":false},"author":1,"featured_media":0,"parent":0,"menu_order":0,"comment_status":"closed","ping_status":"closed","template":"","meta":{"footnotes":""},"class_list":["post-662","page","type-page","status-publish","hentry"],"yoast_head":"<!-- This site is optimized with the Yoast SEO plugin v25.6 - https:\/\/yoast.com\/wordpress\/plugins\/seo\/ -->\n<title>PROPOSTA PEDAG\u00d3GICA - Centro de Ensino Guroo<\/title>\n<meta name=\"robots\" content=\"index, follow, max-snippet:-1, max-image-preview:large, max-video-preview:-1\" \/>\n<link rel=\"canonical\" href=\"https:\/\/www.guroo.com.br\/?page_id=662\" \/>\n<meta property=\"og:locale\" content=\"pt_BR\" \/>\n<meta property=\"og:type\" content=\"article\" \/>\n<meta property=\"og:title\" content=\"PROPOSTA PEDAG\u00d3GICA - Centro de Ensino Guroo\" \/>\n<meta property=\"og:description\" content=\"[vc_row][vc_column][vc_column_text]Contamos com\u00a0 uma proposta diferenciada e com o relacionamento pessoal acolhedor, essa combina\u00e7\u00e3o harmoniosa d\u00e1 o tom para que o Centro de Ensino Guroo desenvolva um primoroso trabalho pedag\u00f3gico que respeita o potencial dos alunos, oferecendo conforto, cuidados e aten\u00e7\u00e3o permanentes por meio de um qualificado corpo de coordenadores, professores e funcion\u00e1rios. &nbsp; No Centro [&hellip;]\" \/>\n<meta property=\"og:url\" content=\"https:\/\/www.guroo.com.br\/?page_id=662\" \/>\n<meta property=\"og:site_name\" content=\"Centro de Ensino Guroo\" \/>\n<meta property=\"article:modified_time\" content=\"2025-09-10T18:03:13+00:00\" \/>\n<meta name=\"twitter:card\" content=\"summary_large_image\" \/>\n<meta name=\"twitter:label1\" content=\"Est. tempo de leitura\" \/>\n\t<meta name=\"twitter:data1\" content=\"2 minutos\" \/>\n<script type=\"application\/ld+json\" class=\"yoast-schema-graph\">{\"@context\":\"https:\/\/schema.org\",\"@graph\":[{\"@type\":\"WebPage\",\"@id\":\"https:\/\/www.guroo.com.br\/?page_id=662\",\"url\":\"https:\/\/www.guroo.com.br\/?page_id=662\",\"name\":\"PROPOSTA PEDAG\u00d3GICA - Centro de Ensino Guroo\",\"isPartOf\":{\"@id\":\"https:\/\/www.guroo.com.br\/#website\"},\"datePublished\":\"2021-06-22T22:26:11+00:00\",\"dateModified\":\"2025-09-10T18:03:13+00:00\",\"breadcrumb\":{\"@id\":\"https:\/\/www.guroo.com.br\/?page_id=662#breadcrumb\"},\"inLanguage\":\"pt-BR\",\"potentialAction\":[{\"@type\":\"ReadAction\",\"target\":[\"https:\/\/www.guroo.com.br\/?page_id=662\"]}]},{\"@type\":\"BreadcrumbList\",\"@id\":\"https:\/\/www.guroo.com.br\/?page_id=662#breadcrumb\",\"itemListElement\":[{\"@type\":\"ListItem\",\"position\":1,\"name\":\"In\u00edcio\",\"item\":\"https:\/\/www.guroo.com.br\/\"},{\"@type\":\"ListItem\",\"position\":2,\"name\":\"PROPOSTA PEDAG\u00d3GICA\"}]},{\"@type\":\"WebSite\",\"@id\":\"https:\/\/www.guroo.com.br\/#website\",\"url\":\"https:\/\/www.guroo.com.br\/\",\"name\":\"Centro de Ensino Guroo\",\"description\":\"\",\"potentialAction\":[{\"@type\":\"SearchAction\",\"target\":{\"@type\":\"EntryPoint\",\"urlTemplate\":\"https:\/\/www.guroo.com.br\/?s={search_term_string}\"},\"query-input\":{\"@type\":\"PropertyValueSpecification\",\"valueRequired\":true,\"valueName\":\"search_term_string\"}}],\"inLanguage\":\"pt-BR\"}]}<\/script>\n<!-- \/ Yoast SEO plugin. -->","yoast_head_json":{"title":"PROPOSTA PEDAG\u00d3GICA - Centro de Ensino Guroo","robots":{"index":"index","follow":"follow","max-snippet":"max-snippet:-1","max-image-preview":"max-image-preview:large","max-video-preview":"max-video-preview:-1"},"canonical":"https:\/\/www.guroo.com.br\/?page_id=662","og_locale":"pt_BR","og_type":"article","og_title":"PROPOSTA PEDAG\u00d3GICA - Centro de Ensino Guroo","og_description":"[vc_row][vc_column][vc_column_text]Contamos com\u00a0 uma proposta diferenciada e com o relacionamento pessoal acolhedor, essa combina\u00e7\u00e3o harmoniosa d\u00e1 o tom para que o Centro de Ensino Guroo desenvolva um primoroso trabalho pedag\u00f3gico que respeita o potencial dos alunos, oferecendo conforto, cuidados e aten\u00e7\u00e3o permanentes por meio de um qualificado corpo de coordenadores, professores e funcion\u00e1rios. &nbsp; No Centro [&hellip;]","og_url":"https:\/\/www.guroo.com.br\/?page_id=662","og_site_name":"Centro de Ensino Guroo","article_modified_time":"2025-09-10T18:03:13+00:00","twitter_card":"summary_large_image","twitter_misc":{"Est. tempo de leitura":"2 minutos"},"schema":{"@context":"https:\/\/schema.org","@graph":[{"@type":"WebPage","@id":"https:\/\/www.guroo.com.br\/?page_id=662","url":"https:\/\/www.guroo.com.br\/?page_id=662","name":"PROPOSTA PEDAG\u00d3GICA - Centro de Ensino Guroo","isPartOf":{"@id":"https:\/\/www.guroo.com.br\/#website"},"datePublished":"2021-06-22T22:26:11+00:00","dateModified":"2025-09-10T18:03:13+00:00","breadcrumb":{"@id":"https:\/\/www.guroo.com.br\/?page_id=662#breadcrumb"},"inLanguage":"pt-BR","potentialAction":[{"@type":"ReadAction","target":["https:\/\/www.guroo.com.br\/?page_id=662"]}]},{"@type":"BreadcrumbList","@id":"https:\/\/www.guroo.com.br\/?page_id=662#breadcrumb","itemListElement":[{"@type":"ListItem","position":1,"name":"In\u00edcio","item":"https:\/\/www.guroo.com.br\/"},{"@type":"ListItem","position":2,"name":"PROPOSTA PEDAG\u00d3GICA"}]},{"@type":"WebSite","@id":"https:\/\/www.guroo.com.br\/#website","url":"https:\/\/www.guroo.com.br\/","name":"Centro de Ensino Guroo","description":"","potentialAction":[{"@type":"SearchAction","target":{"@type":"EntryPoint","urlTemplate":"https:\/\/www.guroo.com.br\/?s={search_term_string}"},"query-input":{"@type":"PropertyValueSpecification","valueRequired":true,"valueName":"search_term_string"}}],"inLanguage":"pt-BR"}]}},"_links":{"self":[{"href":"https:\/\/www.guroo.com.br\/index.php?rest_route=\/wp\/v2\/pages\/662","targetHints":{"allow":["GET"]}}],"collection":[{"href":"https:\/\/www.guroo.com.br\/index.php?rest_route=\/wp\/v2\/pages"}],"about":[{"href":"https:\/\/www.guroo.com.br\/index.php?rest_route=\/wp\/v2\/types\/page"}],"author":[{"embeddable":true,"href":"https:\/\/www.guroo.com.br\/index.php?rest_route=\/wp\/v2\/users\/1"}],"replies":[{"embeddable":true,"href":"https:\/\/www.guroo.com.br\/index.php?rest_route=%2Fwp%2Fv2%2Fcomments&post=662"}],"version-history":[{"count":8,"href":"https:\/\/www.guroo.com.br\/index.php?rest_route=\/wp\/v2\/pages\/662\/revisions"}],"predecessor-version":[{"id":1197,"href":"https:\/\/www.guroo.com.br\/index.php?rest_route=\/wp\/v2\/pages\/662\/revisions\/1197"}],"wp:attachment":[{"href":"https:\/\/www.guroo.com.br\/index.php?rest_route=%2Fwp%2Fv2%2Fmedia&parent=662"}],"curies":[{"name":"wp","href":"https:\/\/api.w.org\/{rel}","templated":true}]}}