{"id":1287,"date":"2023-10-20T17:25:42","date_gmt":"2023-10-20T17:25:42","guid":{"rendered":"https:\/\/www.guroo.com.br\/?page_id=1287"},"modified":"2025-11-14T14:56:06","modified_gmt":"2025-11-14T14:56:06","slug":"atividades-extracurriculares","status":"publish","type":"page","link":"https:\/\/www.guroo.com.br\/?page_id=1287","title":{"rendered":"ATIVIDADES EXTRACURRICULARES"},"content":{"rendered":"<p><span style=\"font-weight: 400;\">As <strong>aulas extracurriculares<\/strong> podem expor as crian\u00e7as a uma variedade de experi\u00eancias culturais, art\u00edsticas e esportivas que e<strong>nriquecem a sua forma\u00e7\u00e3o e ampliam o conhecimento<\/strong>. Por isso, <strong>no Guroo, disponibilizamos diversas modalidades para o desenvolvimento dos alunos.\u00a0<\/strong><\/span><\/p>\n<p>&nbsp;<\/p>\n<p><span style=\"font-weight: 400;\">A participa\u00e7\u00e3o em atividades extracurriculares auxilia a crian\u00e7a a desenvolver<strong> habilidades socioemocionais fundamentais para o seu futuro<\/strong> como trabalho em equipe, responsabilidade, lideran\u00e7a, al\u00e9m de aprimorar suas habilidades de comunica\u00e7\u00e3o.\u00a0<\/span><\/p>\n<p>&nbsp;<\/p>\n<p><span style=\"font-weight: 400;\">Conhe\u00e7a as nossas atividades extracurriculares:<\/span><\/p>\n<ul>\n<li style=\"font-weight: 400;\" aria-level=\"1\"><span style=\"font-weight: 400;\">Escolinha de Futebol;<\/span><\/li>\n<li style=\"font-weight: 400;\" aria-level=\"1\"><span style=\"font-weight: 400;\">Bal\u00e9;<\/span><\/li>\n<li style=\"font-weight: 400;\" aria-level=\"1\"><span style=\"font-weight: 400;\">Street Dance;<\/span><\/li>\n<li aria-level=\"1\">Patina\u00e7\u00e3o Art\u00edstica.<\/li>\n<\/ul>\n","protected":false},"excerpt":{"rendered":"<p>As aulas extracurriculares podem expor as crian\u00e7as a uma variedade de experi\u00eancias culturais, art\u00edsticas e esportivas que enriquecem a sua forma\u00e7\u00e3o e ampliam o conhecimento. Por isso, no Guroo, disponibilizamos diversas modalidades para o desenvolvimento dos alunos.\u00a0 &nbsp; A participa\u00e7\u00e3o em atividades extracurriculares auxilia a crian\u00e7a a desenvolver habilidades socioemocionais fundamentais para o seu futuro [&hellip;]<\/p>\n","protected":false},"author":4,"featured_media":0,"parent":0,"menu_order":0,"comment_status":"closed","ping_status":"closed","template":"","meta":{"footnotes":""},"class_list":["post-1287","page","type-page","status-publish","hentry"],"yoast_head":"<!-- This site is optimized with the Yoast SEO plugin v25.6 - https:\/\/yoast.com\/wordpress\/plugins\/seo\/ -->\n<title>ATIVIDADES EXTRACURRICULARES - Centro de Ensino Guroo<\/title>\n<meta name=\"description\" content=\"No Col\u00e9gio Guroo, disponibilizamos diversas modalidades de atividades extracurriculares para o desenvolvimento completo dos alunos.\u00a0\" \/>\n<meta name=\"robots\" content=\"index, follow, max-snippet:-1, max-image-preview:large, max-video-preview:-1\" \/>\n<link rel=\"canonical\" href=\"https:\/\/www.guroo.com.br\/?page_id=1287\" \/>\n<meta property=\"og:locale\" content=\"pt_BR\" \/>\n<meta property=\"og:type\" content=\"article\" \/>\n<meta property=\"og:title\" content=\"ATIVIDADES EXTRACURRICULARES - Centro de Ensino Guroo\" \/>\n<meta property=\"og:description\" content=\"No Col\u00e9gio Guroo, disponibilizamos diversas modalidades de atividades extracurriculares para o desenvolvimento completo dos alunos.\u00a0\" \/>\n<meta property=\"og:url\" content=\"https:\/\/www.guroo.com.br\/?page_id=1287\" \/>\n<meta property=\"og:site_name\" content=\"Centro de Ensino Guroo\" \/>\n<meta property=\"article:modified_time\" content=\"2025-11-14T14:56:06+00:00\" \/>\n<meta name=\"twitter:card\" content=\"summary_large_image\" \/>\n<meta name=\"twitter:label1\" content=\"Est. tempo de leitura\" \/>\n\t<meta name=\"twitter:data1\" content=\"1 minuto\" \/>\n<script type=\"application\/ld+json\" class=\"yoast-schema-graph\">{\"@context\":\"https:\/\/schema.org\",\"@graph\":[{\"@type\":\"WebPage\",\"@id\":\"https:\/\/www.guroo.com.br\/?page_id=1287\",\"url\":\"https:\/\/www.guroo.com.br\/?page_id=1287\",\"name\":\"ATIVIDADES EXTRACURRICULARES - Centro de Ensino Guroo\",\"isPartOf\":{\"@id\":\"https:\/\/www.guroo.com.br\/#website\"},\"datePublished\":\"2023-10-20T17:25:42+00:00\",\"dateModified\":\"2025-11-14T14:56:06+00:00\",\"description\":\"No Col\u00e9gio Guroo, disponibilizamos diversas modalidades de atividades extracurriculares para o desenvolvimento completo dos alunos.\u00a0\",\"breadcrumb\":{\"@id\":\"https:\/\/www.guroo.com.br\/?page_id=1287#breadcrumb\"},\"inLanguage\":\"pt-BR\",\"potentialAction\":[{\"@type\":\"ReadAction\",\"target\":[\"https:\/\/www.guroo.com.br\/?page_id=1287\"]}]},{\"@type\":\"BreadcrumbList\",\"@id\":\"https:\/\/www.guroo.com.br\/?page_id=1287#breadcrumb\",\"itemListElement\":[{\"@type\":\"ListItem\",\"position\":1,\"name\":\"In\u00edcio\",\"item\":\"https:\/\/www.guroo.com.br\/\"},{\"@type\":\"ListItem\",\"position\":2,\"name\":\"ATIVIDADES EXTRACURRICULARES\"}]},{\"@type\":\"WebSite\",\"@id\":\"https:\/\/www.guroo.com.br\/#website\",\"url\":\"https:\/\/www.guroo.com.br\/\",\"name\":\"Centro de Ensino Guroo\",\"description\":\"\",\"potentialAction\":[{\"@type\":\"SearchAction\",\"target\":{\"@type\":\"EntryPoint\",\"urlTemplate\":\"https:\/\/www.guroo.com.br\/?s={search_term_string}\"},\"query-input\":{\"@type\":\"PropertyValueSpecification\",\"valueRequired\":true,\"valueName\":\"search_term_string\"}}],\"inLanguage\":\"pt-BR\"}]}<\/script>\n<!-- \/ Yoast SEO plugin. -->","yoast_head_json":{"title":"ATIVIDADES EXTRACURRICULARES - Centro de Ensino Guroo","description":"No Col\u00e9gio Guroo, disponibilizamos diversas modalidades de atividades extracurriculares para o desenvolvimento completo dos alunos.\u00a0","robots":{"index":"index","follow":"follow","max-snippet":"max-snippet:-1","max-image-preview":"max-image-preview:large","max-video-preview":"max-video-preview:-1"},"canonical":"https:\/\/www.guroo.com.br\/?page_id=1287","og_locale":"pt_BR","og_type":"article","og_title":"ATIVIDADES EXTRACURRICULARES - Centro de Ensino Guroo","og_description":"No Col\u00e9gio Guroo, disponibilizamos diversas modalidades de atividades extracurriculares para o desenvolvimento completo dos alunos.\u00a0","og_url":"https:\/\/www.guroo.com.br\/?page_id=1287","og_site_name":"Centro de Ensino Guroo","article_modified_time":"2025-11-14T14:56:06+00:00","twitter_card":"summary_large_image","twitter_misc":{"Est. tempo de leitura":"1 minuto"},"schema":{"@context":"https:\/\/schema.org","@graph":[{"@type":"WebPage","@id":"https:\/\/www.guroo.com.br\/?page_id=1287","url":"https:\/\/www.guroo.com.br\/?page_id=1287","name":"ATIVIDADES EXTRACURRICULARES - Centro de Ensino Guroo","isPartOf":{"@id":"https:\/\/www.guroo.com.br\/#website"},"datePublished":"2023-10-20T17:25:42+00:00","dateModified":"2025-11-14T14:56:06+00:00","description":"No Col\u00e9gio Guroo, disponibilizamos diversas modalidades de atividades extracurriculares para o desenvolvimento completo dos alunos.\u00a0","breadcrumb":{"@id":"https:\/\/www.guroo.com.br\/?page_id=1287#breadcrumb"},"inLanguage":"pt-BR","potentialAction":[{"@type":"ReadAction","target":["https:\/\/www.guroo.com.br\/?page_id=1287"]}]},{"@type":"BreadcrumbList","@id":"https:\/\/www.guroo.com.br\/?page_id=1287#breadcrumb","itemListElement":[{"@type":"ListItem","position":1,"name":"In\u00edcio","item":"https:\/\/www.guroo.com.br\/"},{"@type":"ListItem","position":2,"name":"ATIVIDADES EXTRACURRICULARES"}]},{"@type":"WebSite","@id":"https:\/\/www.guroo.com.br\/#website","url":"https:\/\/www.guroo.com.br\/","name":"Centro de Ensino Guroo","description":"","potentialAction":[{"@type":"SearchAction","target":{"@type":"EntryPoint","urlTemplate":"https:\/\/www.guroo.com.br\/?s={search_term_string}"},"query-input":{"@type":"PropertyValueSpecification","valueRequired":true,"valueName":"search_term_string"}}],"inLanguage":"pt-BR"}]}},"_links":{"self":[{"href":"https:\/\/www.guroo.com.br\/index.php?rest_route=\/wp\/v2\/pages\/1287","targetHints":{"allow":["GET"]}}],"collection":[{"href":"https:\/\/www.guroo.com.br\/index.php?rest_route=\/wp\/v2\/pages"}],"about":[{"href":"https:\/\/www.guroo.com.br\/index.php?rest_route=\/wp\/v2\/types\/page"}],"author":[{"embeddable":true,"href":"https:\/\/www.guroo.com.br\/index.php?rest_route=\/wp\/v2\/users\/4"}],"replies":[{"embeddable":true,"href":"https:\/\/www.guroo.com.br\/index.php?rest_route=%2Fwp%2Fv2%2Fcomments&post=1287"}],"version-history":[{"count":6,"href":"https:\/\/www.guroo.com.br\/index.php?rest_route=\/wp\/v2\/pages\/1287\/revisions"}],"predecessor-version":[{"id":1603,"href":"https:\/\/www.guroo.com.br\/index.php?rest_route=\/wp\/v2\/pages\/1287\/revisions\/1603"}],"wp:attachment":[{"href":"https:\/\/www.guroo.com.br\/index.php?rest_route=%2Fwp%2Fv2%2Fmedia&parent=1287"}],"curies":[{"name":"wp","href":"https:\/\/api.w.org\/{rel}","templated":true}]}}