{"id":1278,"date":"2023-10-19T14:57:08","date_gmt":"2023-10-19T14:57:08","guid":{"rendered":"https:\/\/www.guroo.com.br\/?page_id=1278"},"modified":"2025-09-10T18:01:46","modified_gmt":"2025-09-10T18:01:46","slug":"programa-bilingue","status":"publish","type":"page","link":"https:\/\/www.guroo.com.br\/?page_id=1278","title":{"rendered":"PROGRAMA BIL\u00cdNGUE"},"content":{"rendered":"<p><span style=\"font-weight: 400;\">O Programa Bil\u00edngue do Guroo oferece uma <strong>abordagem inovadora e eficaz para o ensino de l\u00ednguas<\/strong>, preparando os alunos para um mundo globalizado e diversificado, no qual o Ingl\u00eas desempenha um papel fundamental.\u00a0<\/span><\/p>\n<p>&nbsp;<\/p>\n<p><span style=\"font-weight: 400;\">Diferentemente de programas tradicionais de ensino de l\u00ednguas, as aulas n\u00e3o s\u00e3o focadas apenas no aprendizado da L\u00edngua Inglesa, mas sim no aprendizado em ingl\u00eas, <strong>promovendo uma aprendizagem significativa, o desenvolvimento cultural e a flu\u00eancia no idioma<\/strong> de uma maneira <strong>\u00fanica e estimulante<\/strong>.<\/span><\/p>\n<p>&nbsp;<\/p>\n<p><span style=\"font-weight: 400;\">A metodologia <strong>CLIL (Content and Language Integrated Learning)<\/strong>, utilizada nas aulas, promove a aprendizagem integrada de conte\u00fado e l\u00edngua, o que significa que os alunos n\u00e3o apenas adquirem habilidades lingu\u00edsticas, mas tamb\u00e9m absorvem conhecimento em diversas \u00e1reas do curr\u00edculo, tudo enquanto se comunicam em ingl\u00eas.\u00a0<\/span><\/p>\n<p>&nbsp;<\/p>\n<p><span style=\"font-weight: 400;\">O <strong>material did\u00e1tico enriquece ainda mais a experi\u00eancia dos alunos<\/strong>, explorando diferentes continentes e culturas. As aulas s\u00e3o l\u00fadicas e proporcionam a imers\u00e3o no idioma, garantindo que os alunos experimentem o idioma de forma pr\u00e1tica e significativa.<\/span><\/p>\n<p>&nbsp;<\/p>\n<p><span style=\"font-weight: 400;\">Os professores, com <strong>experi\u00eancias multiculturais e forma\u00e7\u00f5es diversas<\/strong>, est\u00e3o dispon\u00edveis para atendimento quando necess\u00e1rio, <strong>tornando o aprendizado ainda mais acess\u00edvel e personalizado<\/strong>.<\/span><\/p>\n<p>&nbsp;<\/p>\n<p><span style=\"font-weight: 400;\">As avalia\u00e7\u00f5es s\u00e3o descritivas e levam em considera\u00e7\u00e3o as quatro habilidades fundamentais: <strong>leitura, escrita, audi\u00e7\u00e3o e fala<\/strong>. <strong>A \u00eanfase \u00e9 na flu\u00eancia, n\u00e3o na tradu\u00e7\u00e3o,<\/strong> e essa compet\u00eancia se desenvolve naturalmente com o tempo, respeitando o ritmo de cada aluno.<\/span><\/p>\n<p>&nbsp;<\/p>\n","protected":false},"excerpt":{"rendered":"<p>O Programa Bil\u00edngue do Guroo oferece uma abordagem inovadora e eficaz para o ensino de l\u00ednguas, preparando os alunos para um mundo globalizado e diversificado, no qual o Ingl\u00eas desempenha um papel fundamental.\u00a0 &nbsp; Diferentemente de programas tradicionais de ensino de l\u00ednguas, as aulas n\u00e3o s\u00e3o focadas apenas no aprendizado da L\u00edngua Inglesa, mas sim [&hellip;]<\/p>\n","protected":false},"author":4,"featured_media":0,"parent":0,"menu_order":0,"comment_status":"closed","ping_status":"closed","template":"","meta":{"footnotes":""},"class_list":["post-1278","page","type-page","status-publish","hentry"],"yoast_head":"<!-- This site is optimized with the Yoast SEO plugin v25.6 - https:\/\/yoast.com\/wordpress\/plugins\/seo\/ -->\n<title>PROGRAMA BIL\u00cdNGUE - Centro de Ensino Guroo<\/title>\n<meta name=\"robots\" content=\"index, follow, max-snippet:-1, max-image-preview:large, max-video-preview:-1\" \/>\n<link rel=\"canonical\" href=\"https:\/\/www.guroo.com.br\/?page_id=1278\" \/>\n<meta property=\"og:locale\" content=\"pt_BR\" \/>\n<meta property=\"og:type\" content=\"article\" \/>\n<meta property=\"og:title\" content=\"PROGRAMA BIL\u00cdNGUE - Centro de Ensino Guroo\" \/>\n<meta property=\"og:description\" content=\"O Programa Bil\u00edngue do Guroo oferece uma abordagem inovadora e eficaz para o ensino de l\u00ednguas, preparando os alunos para um mundo globalizado e diversificado, no qual o Ingl\u00eas desempenha um papel fundamental.\u00a0 &nbsp; Diferentemente de programas tradicionais de ensino de l\u00ednguas, as aulas n\u00e3o s\u00e3o focadas apenas no aprendizado da L\u00edngua Inglesa, mas sim [&hellip;]\" \/>\n<meta property=\"og:url\" content=\"https:\/\/www.guroo.com.br\/?page_id=1278\" \/>\n<meta property=\"og:site_name\" content=\"Centro de Ensino Guroo\" \/>\n<meta property=\"article:modified_time\" content=\"2025-09-10T18:01:46+00:00\" \/>\n<meta name=\"twitter:card\" content=\"summary_large_image\" \/>\n<meta name=\"twitter:label1\" content=\"Est. tempo de leitura\" \/>\n\t<meta name=\"twitter:data1\" content=\"2 minutos\" \/>\n<script type=\"application\/ld+json\" class=\"yoast-schema-graph\">{\"@context\":\"https:\/\/schema.org\",\"@graph\":[{\"@type\":\"WebPage\",\"@id\":\"https:\/\/www.guroo.com.br\/?page_id=1278\",\"url\":\"https:\/\/www.guroo.com.br\/?page_id=1278\",\"name\":\"PROGRAMA BIL\u00cdNGUE - Centro de Ensino Guroo\",\"isPartOf\":{\"@id\":\"https:\/\/www.guroo.com.br\/#website\"},\"datePublished\":\"2023-10-19T14:57:08+00:00\",\"dateModified\":\"2025-09-10T18:01:46+00:00\",\"breadcrumb\":{\"@id\":\"https:\/\/www.guroo.com.br\/?page_id=1278#breadcrumb\"},\"inLanguage\":\"pt-BR\",\"potentialAction\":[{\"@type\":\"ReadAction\",\"target\":[\"https:\/\/www.guroo.com.br\/?page_id=1278\"]}]},{\"@type\":\"BreadcrumbList\",\"@id\":\"https:\/\/www.guroo.com.br\/?page_id=1278#breadcrumb\",\"itemListElement\":[{\"@type\":\"ListItem\",\"position\":1,\"name\":\"In\u00edcio\",\"item\":\"https:\/\/www.guroo.com.br\/\"},{\"@type\":\"ListItem\",\"position\":2,\"name\":\"PROGRAMA BIL\u00cdNGUE\"}]},{\"@type\":\"WebSite\",\"@id\":\"https:\/\/www.guroo.com.br\/#website\",\"url\":\"https:\/\/www.guroo.com.br\/\",\"name\":\"Centro de Ensino Guroo\",\"description\":\"\",\"potentialAction\":[{\"@type\":\"SearchAction\",\"target\":{\"@type\":\"EntryPoint\",\"urlTemplate\":\"https:\/\/www.guroo.com.br\/?s={search_term_string}\"},\"query-input\":{\"@type\":\"PropertyValueSpecification\",\"valueRequired\":true,\"valueName\":\"search_term_string\"}}],\"inLanguage\":\"pt-BR\"}]}<\/script>\n<!-- \/ Yoast SEO plugin. -->","yoast_head_json":{"title":"PROGRAMA BIL\u00cdNGUE - Centro de Ensino Guroo","robots":{"index":"index","follow":"follow","max-snippet":"max-snippet:-1","max-image-preview":"max-image-preview:large","max-video-preview":"max-video-preview:-1"},"canonical":"https:\/\/www.guroo.com.br\/?page_id=1278","og_locale":"pt_BR","og_type":"article","og_title":"PROGRAMA BIL\u00cdNGUE - Centro de Ensino Guroo","og_description":"O Programa Bil\u00edngue do Guroo oferece uma abordagem inovadora e eficaz para o ensino de l\u00ednguas, preparando os alunos para um mundo globalizado e diversificado, no qual o Ingl\u00eas desempenha um papel fundamental.\u00a0 &nbsp; Diferentemente de programas tradicionais de ensino de l\u00ednguas, as aulas n\u00e3o s\u00e3o focadas apenas no aprendizado da L\u00edngua Inglesa, mas sim [&hellip;]","og_url":"https:\/\/www.guroo.com.br\/?page_id=1278","og_site_name":"Centro de Ensino Guroo","article_modified_time":"2025-09-10T18:01:46+00:00","twitter_card":"summary_large_image","twitter_misc":{"Est. tempo de leitura":"2 minutos"},"schema":{"@context":"https:\/\/schema.org","@graph":[{"@type":"WebPage","@id":"https:\/\/www.guroo.com.br\/?page_id=1278","url":"https:\/\/www.guroo.com.br\/?page_id=1278","name":"PROGRAMA BIL\u00cdNGUE - Centro de Ensino Guroo","isPartOf":{"@id":"https:\/\/www.guroo.com.br\/#website"},"datePublished":"2023-10-19T14:57:08+00:00","dateModified":"2025-09-10T18:01:46+00:00","breadcrumb":{"@id":"https:\/\/www.guroo.com.br\/?page_id=1278#breadcrumb"},"inLanguage":"pt-BR","potentialAction":[{"@type":"ReadAction","target":["https:\/\/www.guroo.com.br\/?page_id=1278"]}]},{"@type":"BreadcrumbList","@id":"https:\/\/www.guroo.com.br\/?page_id=1278#breadcrumb","itemListElement":[{"@type":"ListItem","position":1,"name":"In\u00edcio","item":"https:\/\/www.guroo.com.br\/"},{"@type":"ListItem","position":2,"name":"PROGRAMA BIL\u00cdNGUE"}]},{"@type":"WebSite","@id":"https:\/\/www.guroo.com.br\/#website","url":"https:\/\/www.guroo.com.br\/","name":"Centro de Ensino Guroo","description":"","potentialAction":[{"@type":"SearchAction","target":{"@type":"EntryPoint","urlTemplate":"https:\/\/www.guroo.com.br\/?s={search_term_string}"},"query-input":{"@type":"PropertyValueSpecification","valueRequired":true,"valueName":"search_term_string"}}],"inLanguage":"pt-BR"}]}},"_links":{"self":[{"href":"https:\/\/www.guroo.com.br\/index.php?rest_route=\/wp\/v2\/pages\/1278","targetHints":{"allow":["GET"]}}],"collection":[{"href":"https:\/\/www.guroo.com.br\/index.php?rest_route=\/wp\/v2\/pages"}],"about":[{"href":"https:\/\/www.guroo.com.br\/index.php?rest_route=\/wp\/v2\/types\/page"}],"author":[{"embeddable":true,"href":"https:\/\/www.guroo.com.br\/index.php?rest_route=\/wp\/v2\/users\/4"}],"replies":[{"embeddable":true,"href":"https:\/\/www.guroo.com.br\/index.php?rest_route=%2Fwp%2Fv2%2Fcomments&post=1278"}],"version-history":[{"count":8,"href":"https:\/\/www.guroo.com.br\/index.php?rest_route=\/wp\/v2\/pages\/1278\/revisions"}],"predecessor-version":[{"id":1547,"href":"https:\/\/www.guroo.com.br\/index.php?rest_route=\/wp\/v2\/pages\/1278\/revisions\/1547"}],"wp:attachment":[{"href":"https:\/\/www.guroo.com.br\/index.php?rest_route=%2Fwp%2Fv2%2Fmedia&parent=1278"}],"curies":[{"name":"wp","href":"https:\/\/api.w.org\/{rel}","templated":true}]}}